{"id":2972,"date":"2025-04-14T21:03:58","date_gmt":"2025-04-14T21:03:58","guid":{"rendered":"http:\/\/erudito.lt\/contacts\/"},"modified":"2025-09-22T11:22:08","modified_gmt":"2025-09-22T11:22:08","slug":"contacts","status":"publish","type":"page","link":"https:\/\/erudito.lt\/en\/contacts\/","title":{"rendered":"Contacts"},"content":{"rendered":"\n<div x-data=\"{ openTab: 0 }\" class=\"relative\">\n\t<div class=\"bg-gray px-5 lg:px-20 pt-12 lg:pt-26\">\n\t\t\t\t\t<h2 class=\"text-title-l-mobile lg:text-title-xl\">\n\t\t\t\tContacts\t\t\t<\/h2>\n\t\t\n\t\t<div class=\"w-full flex mt-16\">\n\t\t\t\t\t\t\t\t<button\n\t\tclass=\"group relative w-full cursor-pointer max-w-[18.3125rem] \"\n\t\t@click=\"openTab = 0, filterSelected = ''\">\n\t\t<svg class=\"relative text-[#E6EAF2] w-full transition transition-color duration-300\"\n\t\t\tx-bind:class=\"{ '!text-white z-10' : openTab === 0, 'group-hover:text-[#E9EDF5] ' : openTab !== 0 }\"\n\t\t\tviewBox=\"0 0 293 72\" fill=\"none\" xmlns=\"http:\/\/www.w3.org\/2000\/svg\">\n\t\t\t<path\n\t\t\t\td=\"M250.182 7.1248C247.244 2.67362 242.298 0 237.001 0H8C3.58172 0 0 3.58172 0 8V72H293.001L250.182 7.1248Z\"\n\t\t\t\tfill=\"currentColor\" \/>\n\t\t<\/svg>\n\t\t<span\n\t\t\tclass=\"absolute top-1\/2 z-11 text-gray5 -translate-y-1\/2 left-[2.25rem] text-title-s-mobile transition transition-color duration-300 lg:text-title-s font-argent\"\n\t\t\tx-bind:class=\"{ '!text-black' : openTab === 0, 'group-hover:text-gray5' : openTab !== 0 }\">\n\t\t\tVilnius\t\t<\/span>\n\t<\/button>\n\t\t\t\t\t\t\t\t\t<button\n\t\tclass=\"group relative w-full cursor-pointer max-w-[18.3125rem] -translate-x-4\"\n\t\t@click=\"openTab = 1, filterSelected = ''\">\n\t\t<svg class=\"relative text-[#E6EAF2] w-full transition transition-color duration-300\"\n\t\t\tx-bind:class=\"{ '!text-white z-10' : openTab === 1, 'group-hover:text-[#E9EDF5] ' : openTab !== 1 }\"\n\t\t\tviewBox=\"0 0 293 72\" fill=\"none\" xmlns=\"http:\/\/www.w3.org\/2000\/svg\">\n\t\t\t<path\n\t\t\t\td=\"M250.182 7.1248C247.244 2.67362 242.298 0 237.001 0H8C3.58172 0 0 3.58172 0 8V72H293.001L250.182 7.1248Z\"\n\t\t\t\tfill=\"currentColor\" \/>\n\t\t<\/svg>\n\t\t<span\n\t\t\tclass=\"absolute top-1\/2 z-11 text-gray5 -translate-y-1\/2 left-[2.25rem] text-title-s-mobile transition transition-color duration-300 lg:text-title-s font-argent\"\n\t\t\tx-bind:class=\"{ '!text-black' : openTab === 1, 'group-hover:text-gray5' : openTab !== 1 }\">\n\t\t\tKaunas\t\t<\/span>\n\t<\/button>\n\t\t\t\t\t\t<\/div>\n\t<\/div>\n\n\t<div>\n\t\t\t\t\t<div x-show=\"openTab === 0\">\n\t\t\t\t\t\t\t\t\t\t\t<div class=\"flex flex-col-reverse lg:flex-row gap-8 lg:gap-20 py-12 lg:py-26 px-5 lg:px-20\">\n\t\t\t\t\t\t\t<div class=\"max-w-[40rem] w-full\">\n\t\t\t\t\t<img decoding=\"async\" src=\"https:\/\/erudito.lt\/wp-content\/uploads\/2025\/08\/GBShot-00219-min.jpg\"\n\t\t\t\t\t\talt=\"Erudito lic\u0117jus\"\n\t\t\t\t\t\tclass=\"w-full aspect-[640\/436] object-cover\">\n\t\t\t\t<\/div>\n\t\t\t\n\t\t\t<div class=\"flex flex-col justify-between\">\n\t\t\t\t<div class=\"pb-6 mb-6 lg:mb-0 lg:pb-0 border-b lg:border-b-0 border-b-gray3\">\n\t\t\t\t\t\t\t\t\t\t\t<h3 class=\"text-title-m lg:text-title-l mb-3 lg:mb-6\">\n\t\t\t\t\t\t\tErudito Lyceum in Vilnius\t\t\t\t\t\t<\/h3>\n\t\t\t\t\t\n\t\t\t\t\t\t\t\t\t\t\t<div class=\"flex items-center gap-2\">\n\t\t\t\t\t\t\t<svg width=\"20\" height=\"20\" viewBox=\"0 0 20 20\" fill=\"none\" xmlns=\"http:\/\/www.w3.org\/2000\/svg\">\n\t\t\t\t\t\t\t\t<path\n\t\t\t\t\t\t\t\t\td=\"M10.0084 2.5C13.257 2.5 15.8918 5.13354 15.8918 8.38341C15.8918 13.8354 10.0084 17.5 10.0084 17.5C10.0084 17.5 4.125 13.8354 4.125 8.38341C4.125 5.13354 6.75854 2.5 10.0084 2.5Z\"\n\t\t\t\t\t\t\t\t\tstroke=\"#181B2B\" stroke-miterlimit=\"10\" \/>\n\t\t\t\t\t\t\t\t<path\n\t\t\t\t\t\t\t\t\td=\"M10.0086 10.371C11.1659 10.371 12.1041 9.43279 12.1041 8.27546C12.1041 7.11813 11.1659 6.17993 10.0086 6.17993C8.85129 6.17993 7.91309 7.11813 7.91309 8.27546C7.91309 9.43279 8.85129 10.371 10.0086 10.371Z\"\n\t\t\t\t\t\t\t\t\tstroke=\"#181B2B\" stroke-miterlimit=\"10\" \/>\n\t\t\t\t\t\t\t<\/svg>\n\t\t\t\t\t\t\t<a class=\"erd_ghost\" href=\"http:\/\/Aguon\u0173%20g.%2026\">\n\t\t\t\t\t\t\t\tAguon\u0173 str. 26 26\t\t\t\t\t\t\t<\/a>\n\t\t\t\t\t\t<\/div>\n\t\t\t\t\t\t\t\t\t<\/div>\n\n\t\t\t\t<div>\n\t\t\t\t\t\t\t\t\t\t\t<div class=\"flex flex-col lg:flex-row gap-6 lg:gap-12 pb-6 lg:pb-10\">\n\t\t\t\t\t\t\t\t\t\t\t\t\t\t\t<div>\n\t\t\t\t\t\t\t\t\t<p class=\"text-body-m-medium\">\n\t\t\t\t\t\t\t\t\t\tAdministration\t\t\t\t\t\t\t\t\t<\/p>\n\t\t\t\t\t\t\t\t\t<div class=\"flex flex-col gap-1\">\n\t\t\t\t\t\t\t\t\t\t\t\t\t\t\t\t\t\t\t\t\t<div class=\"flex items-center gap-2\">\n\t\t\t\t\t\t\t\t\t\t\t\t\t\t\t\t\t\t\t\t\t\t\t\t\t<a href=\"tel:+370%20667%20199%2072\"\n\t\t\t\t\t\t\t\t\t\t\t\t\t\tclass=\"erd_underline text-body-m-medium\">\n\t\t\t\t\t\t\t\t\t\t\t\t\t\t+370 667 199 72\t\t\t\t\t\t\t\t\t\t\t\t\t<\/a>\n\t\t\t\t\t\t\t\t\t\t\t\t\t\t\t\t\t\t\t\t\t\t\t\t\t\t\t\t\t\t\t\t\t\t\t<\/div>\n\t\t\t\t\t\t\t\t\t\t\t\t\t\t\t\t\t\t\t\t\t<div class=\"flex items-center gap-2\">\n\t\t\t\t\t\t\t\t\t\t\t\t\t\t\t\t\t\t\t\t\t\t\t\t\t<a href=\"mailto:vilnius@erudito.lt\"\n\t\t\t\t\t\t\t\t\t\t\t\t\t\tclass=\"erd_underline text-body-m-medium\">\n\t\t\t\t\t\t\t\t\t\t\t\t\t\tvilnius@erudito.lt\t\t\t\t\t\t\t\t\t\t\t\t\t<\/a>\n\t\t\t\t\t\t\t\t\t\t\t\t\t\t\t\t\t\t\t\t\t\t\t\t\t\t\t\t\t\t\t\t\t\t\t<\/div>\n\t\t\t\t\t\t\t\t\t\t\t\t\t\t\t\t\t\t\t<\/div>\n\t\t\t\t\t\t\t\t<\/div>\n\t\t\t\t\t\t\t\t\t\t\t\t\t\t\t<div>\n\t\t\t\t\t\t\t\t\t<p class=\"text-body-m-medium\">\n\t\t\t\t\t\t\t\t\t\tAdmissions\t\t\t\t\t\t\t\t\t<\/p>\n\t\t\t\t\t\t\t\t\t<div class=\"flex flex-col gap-1\">\n\t\t\t\t\t\t\t\t\t\t\t\t\t\t\t\t\t\t\t\t\t<div class=\"flex items-center gap-2\">\n\t\t\t\t\t\t\t\t\t\t\t\t\t\t\t\t\t\t\t\t\t\t\t\t\t<a href=\"tel:+37065788830\"\n\t\t\t\t\t\t\t\t\t\t\t\t\t\tclass=\"erd_underline text-body-m-medium\">\n\t\t\t\t\t\t\t\t\t\t\t\t\t\t+370 657 888 30\t\t\t\t\t\t\t\t\t\t\t\t\t<\/a>\n\t\t\t\t\t\t\t\t\t\t\t\t\t\t\t\t\t\t\t\t\t\t\t\t\t\t\t\t\t\t\t\t\t\t\t\t\t<span class=\"text-body-m-light\">\n\t\t\t\t\t\t\t\t\t\t\t\t\t\t(national classes)\t\t\t\t\t\t\t\t\t\t\t\t\t<\/span>\n\t\t\t\t\t\t\t\t\t\t\t\t\t\t\t\t\t\t\t\t\t\t\t<\/div>\n\t\t\t\t\t\t\t\t\t\t\t\t\t\t\t\t\t\t\t\t\t<div class=\"flex items-center gap-2\">\n\t\t\t\t\t\t\t\t\t\t\t\t\t\t\t\t\t\t\t\t\t\t\t\t\t<a href=\"tel:+37065742725\"\n\t\t\t\t\t\t\t\t\t\t\t\t\t\tclass=\"erd_underline text-body-m-medium\">\n\t\t\t\t\t\t\t\t\t\t\t\t\t\t+370 657 427 25\t\t\t\t\t\t\t\t\t\t\t\t\t<\/a>\n\t\t\t\t\t\t\t\t\t\t\t\t\t\t\t\t\t\t\t\t\t\t\t\t\t\t\t\t\t\t\t\t\t\t\t\t\t<span class=\"text-body-m-light\">\n\t\t\t\t\t\t\t\t\t\t\t\t\t\t(international classes)\t\t\t\t\t\t\t\t\t\t\t\t\t<\/span>\n\t\t\t\t\t\t\t\t\t\t\t\t\t\t\t\t\t\t\t\t\t\t\t<\/div>\n\t\t\t\t\t\t\t\t\t\t\t\t\t\t\t\t\t\t\t<\/div>\n\t\t\t\t\t\t\t\t<\/div>\n\t\t\t\t\t\t\t\t\t\t\t\t\t<\/div>\n\t\t\t\t\t\n\t\t\t\t\t\t\t\t\t\t\t\t\t<div class=\"lg:pt-10 lg:border-t border-t-gray3\">\n\t\t\t\t\t\t\t<div class=\"flex items-center\">\n\t\t\t\t\t\t\t\t\t\t\t<img decoding=\"async\" src=\"https:\/\/erudito.lt\/wp-content\/uploads\/2025\/05\/Rectangle-4653.svg\"\n\t\t\t\t\t\t\talt=\"\"\n\t\t\t\t\t\t\tclass=\"w-[0.875rem] h-[1.25rem] mr-3\">\n\t\t\t\t\t\t\t\t\t\t\t\t\t\t\t\t<span class=\"mr-1.5\">\n\t\t\t\t\t\t\tI-IV\t\t\t\t\t\t<\/span>\n\t\t\t\t\t\t\t\t\t\t\t\t\t\t\t\t<span class=\"font-medium\">\n\t\t\t\t\t\t\t8:00-18:00\t\t\t\t\t\t<\/span>\n\t\t\t\t\t\t\t\t\t<\/div>\n\t\t\t\t\t\t\t<div class=\"flex items-center\">\n\t\t\t\t\t\t\t\t\t\t\t<img decoding=\"async\" src=\"https:\/\/erudito.lt\/wp-content\/uploads\/2025\/05\/Ellipse-1421.svg\"\n\t\t\t\t\t\t\talt=\"\"\n\t\t\t\t\t\t\tclass=\"w-[0.875rem] h-[1.25rem] mr-3\">\n\t\t\t\t\t\t\t\t\t\t\t\t\t\t\t\t<span class=\"mr-1.5\">\n\t\t\t\t\t\t\tV\t\t\t\t\t\t<\/span>\n\t\t\t\t\t\t\t\t\t\t\t\t\t\t\t\t<span class=\"font-medium\">\n\t\t\t\t\t\t\t8:00-17:00\t\t\t\t\t\t<\/span>\n\t\t\t\t\t\t\t\t\t<\/div>\n\t\t\t\t\t<\/div>\n\t\t\t\t\t\t\t\t\t\t\t<\/div>\n\t\t\t<\/div>\n\t\t<\/div>\n\t\t\t\t\t\t\n\t\t\t\t\t\t\t\t\t<div class=\"bg-gray px-5 lg:px-20 py-12 lg:py-26\">\n\t\t\t\t\t\t\t\t\t\t\t\t\t<h3 class=\"text-title-l-mobile lg:text-title-l mb-8 lg:mb-16\">\n\t\t\t\t\t\t\t\tContacts\t\t\t\t\t\t\t<\/h3>\n\t\t\t\t\t\t\n\t\t\t\t\t\t<div class=\"flex flex-col lg:flex-row w-full justify-between gap-12\">\n\t\t\t\t\t\t\t\t\t\t\t\t\t\t\t<div class=\"grid grid-cols-2 gap-x-4 gap-y-8 lg:gap-16\">\n\t\t\t\t\t\t\t\t\t\t\t\t\t\t\t\t\t\t\t\t\t<div class=\"flex flex-col lg:flex-row gap-5 lg:gap-8\">\n\t\t\t\t\t\t\t<img decoding=\"async\" src=\"https:\/\/erudito.lt\/wp-content\/uploads\/2025\/07\/Akvile-Beinore-e1753433692358.jpg\"\n\t\t\t\t\talt=\"Pri\u0117mimo ir partnerys\u010di\u0173 vadov\u0117\"\n\t\t\t\t\tclass=\"w-[8.75rem] h-[8.75rem] object-cover\">\n\t\t\t\n\t\t\t<div>\n\t\t\t\t\t\t\t\t\t<p class=\"text-body-s-medium lg:text-body-m-medium mb-0.5\">\n\t\t\t\t\t\tAkvil\u0117 Beinor\u0117\t\t\t\t\t<\/p>\n\t\t\t\t\n\t\t\t\t\t\t\t\t\t<p class=\"text-body-s-light lg:text-body-m-light mb-1\">\n\t\t\t\t\t\tHead of Marketing and Admissions\t\t\t\t\t<\/p>\n\t\t\t\t\n\t\t\t\t\t\t\t\t\t<div class=\"flex flex-col gap-1\">\n\t\t\t\t\t\t\t\t\t\t\t\t\t\t\t\t\t\t\t\t\t<a href=\"tel:+37065788830\" class=\"erd_underline w-max\">\n\t\t\t\t\t\t\t\t\t+370 657 888 30\t\t\t\t\t\t\t\t<\/a>\n\t\t\t\t\t\t\t\t\t\t\t\t\t\t\t\t\t\t<\/div>\n\t\t\t\t\t\t\t<\/div>\n\t\t<\/div>\n\t\t\t\t\t\t\t\t\t\t\t\t\t\t\t\t\t\t\t<\/div>\n\t\t\t\t\t\t\t\n\t\t\t\t\t\t\t<div class=\"max-w-[13.6875rem]\">\n\t\t\t\t\t\t\t\t\t\t\t\t\t\t\t\t\t<p class=\"font-argent text-title-s mb-6\">\n\t\t\t\t\t\t\t\t\t\tDetails\t\t\t\t\t\t\t\t\t<\/p>\n\t\t\t\t\t\t\t\t\n\t\t\t\t\t\t\t\t\t\t\t\t\t\t\t\t\t<div class=\"erd_rich_content\">\n\t\t\t\t\t\t\t\t\t\t<p>UAB \u201eErudito\u201c lic\u0117jus<br \/>\nAguon\u0173 str. 26, LT-03212 Vilnius<br \/>\n<a href=\"tel:+37066719972\">+370 667 199 72<\/a><\/p>\n<p>&nbsp;<\/p>\n<p>Company code: 304228673<br \/>\nAB Luminor bank\u2028a.s. LT804010051003666817<\/p>\n\t\t\t\t\t\t\t\t\t<\/div>\n\t\t\t\t\t\t\t\t\t\t\t\t\t\t\t<\/div>\n\t\t\t\t\t\t<\/div>\n\t\t\t\t\t<\/div>\n\t\t\t\t\t\t\t<\/div>\n\t\t\t\t\t<div x-show=\"openTab === 1\">\n\t\t\t\t\t\t\t\t\t\t\t<div class=\"flex flex-col-reverse lg:flex-row gap-8 lg:gap-20 py-12 lg:py-26 px-5 lg:px-20\">\n\t\t\t\t\t\t\t<div class=\"max-w-[40rem] w-full\">\n\t\t\t\t\t<img decoding=\"async\" src=\"https:\/\/erudito.lt\/wp-content\/uploads\/2025\/08\/iejimas-1-min-1.png\"\n\t\t\t\t\t\talt=\"Erudito lic\u0117jus\"\n\t\t\t\t\t\tclass=\"w-full aspect-[640\/436] object-cover\">\n\t\t\t\t<\/div>\n\t\t\t\n\t\t\t<div class=\"flex flex-col justify-between\">\n\t\t\t\t<div class=\"pb-6 mb-6 lg:mb-0 lg:pb-0 border-b lg:border-b-0 border-b-gray3\">\n\t\t\t\t\t\t\t\t\t\t\t<h3 class=\"text-title-m lg:text-title-l mb-3 lg:mb-6\">\n\t\t\t\t\t\t\tErudito Lyceum in Kaunas\t\t\t\t\t\t<\/h3>\n\t\t\t\t\t\n\t\t\t\t\t\t\t\t\t\t\t<div class=\"flex items-center gap-2\">\n\t\t\t\t\t\t\t<svg width=\"20\" height=\"20\" viewBox=\"0 0 20 20\" fill=\"none\" xmlns=\"http:\/\/www.w3.org\/2000\/svg\">\n\t\t\t\t\t\t\t\t<path\n\t\t\t\t\t\t\t\t\td=\"M10.0084 2.5C13.257 2.5 15.8918 5.13354 15.8918 8.38341C15.8918 13.8354 10.0084 17.5 10.0084 17.5C10.0084 17.5 4.125 13.8354 4.125 8.38341C4.125 5.13354 6.75854 2.5 10.0084 2.5Z\"\n\t\t\t\t\t\t\t\t\tstroke=\"#181B2B\" stroke-miterlimit=\"10\" \/>\n\t\t\t\t\t\t\t\t<path\n\t\t\t\t\t\t\t\t\td=\"M10.0086 10.371C11.1659 10.371 12.1041 9.43279 12.1041 8.27546C12.1041 7.11813 11.1659 6.17993 10.0086 6.17993C8.85129 6.17993 7.91309 7.11813 7.91309 8.27546C7.91309 9.43279 8.85129 10.371 10.0086 10.371Z\"\n\t\t\t\t\t\t\t\t\tstroke=\"#181B2B\" stroke-miterlimit=\"10\" \/>\n\t\t\t\t\t\t\t<\/svg>\n\t\t\t\t\t\t\t<a class=\"erd_ghost\" href=\"http:\/\/J.%20Gruod\u017eio%209%20g.\">\n\t\t\t\t\t\t\t\tJ. Gruod\u017eio str. 9\t\t\t\t\t\t\t<\/a>\n\t\t\t\t\t\t<\/div>\n\t\t\t\t\t\t\t\t\t<\/div>\n\n\t\t\t\t<div>\n\t\t\t\t\t\t\t\t\t\t\t<div class=\"flex flex-col lg:flex-row gap-6 lg:gap-12 pb-6 lg:pb-10\">\n\t\t\t\t\t\t\t\t\t\t\t\t\t\t\t<div>\n\t\t\t\t\t\t\t\t\t<p class=\"text-body-m-medium\">\n\t\t\t\t\t\t\t\t\t\tAdministration\t\t\t\t\t\t\t\t\t<\/p>\n\t\t\t\t\t\t\t\t\t<div class=\"flex flex-col gap-1\">\n\t\t\t\t\t\t\t\t\t\t\t\t\t\t\t\t\t\t\t\t\t<div class=\"flex items-center gap-2\">\n\t\t\t\t\t\t\t\t\t\t\t\t\t\t\t\t\t\t\t\t\t\t\t\t\t<a href=\"\"\n\t\t\t\t\t\t\t\t\t\t\t\t\t\tclass=\"erd_underline text-body-m-medium\">\n\t\t\t\t\t\t\t\t\t\t\t\t\t\t+370 657 888 25\t\t\t\t\t\t\t\t\t\t\t\t\t<\/a>\n\t\t\t\t\t\t\t\t\t\t\t\t\t\t\t\t\t\t\t\t\t\t\t\t\t\t\t\t\t\t\t\t\t\t\t<\/div>\n\t\t\t\t\t\t\t\t\t\t\t\t\t\t\t\t\t\t\t\t\t<div class=\"flex items-center gap-2\">\n\t\t\t\t\t\t\t\t\t\t\t\t\t\t\t\t\t\t\t\t\t\t\t\t\t<a href=\"mailto:info@erudito.lt\"\n\t\t\t\t\t\t\t\t\t\t\t\t\t\tclass=\"erd_underline text-body-m-medium\">\n\t\t\t\t\t\t\t\t\t\t\t\t\t\tinfo@erudito.lt\t\t\t\t\t\t\t\t\t\t\t\t\t<\/a>\n\t\t\t\t\t\t\t\t\t\t\t\t\t\t\t\t\t\t\t\t\t\t\t\t\t\t\t\t\t\t\t\t\t\t\t<\/div>\n\t\t\t\t\t\t\t\t\t\t\t\t\t\t\t\t\t\t\t<\/div>\n\t\t\t\t\t\t\t\t<\/div>\n\t\t\t\t\t\t\t\t\t\t\t\t\t\t\t<div>\n\t\t\t\t\t\t\t\t\t<p class=\"text-body-m-medium\">\n\t\t\t\t\t\t\t\t\t\tAdmissions\t\t\t\t\t\t\t\t\t<\/p>\n\t\t\t\t\t\t\t\t\t<div class=\"flex flex-col gap-1\">\n\t\t\t\t\t\t\t\t\t\t\t\t\t\t\t\t\t\t\t\t\t<div class=\"flex items-center gap-2\">\n\t\t\t\t\t\t\t\t\t\t\t\t\t\t\t\t\t\t\t\t\t\t\t\t\t<a href=\"tel:+370%20657%20888%2020\"\n\t\t\t\t\t\t\t\t\t\t\t\t\t\tclass=\"erd_underline text-body-m-medium\">\n\t\t\t\t\t\t\t\t\t\t\t\t\t\t+370 657 888 20\t\t\t\t\t\t\t\t\t\t\t\t\t<\/a>\n\t\t\t\t\t\t\t\t\t\t\t\t\t\t\t\t\t\t\t\t\t\t\t\t\t\t\t\t\t\t\t\t\t\t\t\t\t<span class=\"text-body-m-light\">\n\t\t\t\t\t\t\t\t\t\t\t\t\t\t(national classes)\t\t\t\t\t\t\t\t\t\t\t\t\t<\/span>\n\t\t\t\t\t\t\t\t\t\t\t\t\t\t\t\t\t\t\t\t\t\t\t<\/div>\n\t\t\t\t\t\t\t\t\t\t\t\t\t\t\t\t\t\t\t\t\t<div class=\"flex items-center gap-2\">\n\t\t\t\t\t\t\t\t\t\t\t\t\t\t\t\t\t\t\t\t\t\t\t\t\t<a href=\"tel:+370%20657%20427%2025\"\n\t\t\t\t\t\t\t\t\t\t\t\t\t\tclass=\"erd_underline text-body-m-medium\">\n\t\t\t\t\t\t\t\t\t\t\t\t\t\t+370 657 427 25\t\t\t\t\t\t\t\t\t\t\t\t\t<\/a>\n\t\t\t\t\t\t\t\t\t\t\t\t\t\t\t\t\t\t\t\t\t\t\t\t\t\t\t\t\t\t\t\t\t\t\t\t\t<span class=\"text-body-m-light\">\n\t\t\t\t\t\t\t\t\t\t\t\t\t\t(international classes)\t\t\t\t\t\t\t\t\t\t\t\t\t<\/span>\n\t\t\t\t\t\t\t\t\t\t\t\t\t\t\t\t\t\t\t\t\t\t\t<\/div>\n\t\t\t\t\t\t\t\t\t\t\t\t\t\t\t\t\t\t\t<\/div>\n\t\t\t\t\t\t\t\t<\/div>\n\t\t\t\t\t\t\t\t\t\t\t\t\t<\/div>\n\t\t\t\t\t\n\t\t\t\t\t\t\t\t\t\t\t\t\t<div class=\"lg:pt-10 lg:border-t border-t-gray3\">\n\t\t\t\t\t\t\t<div class=\"flex items-center\">\n\t\t\t\t\t\t\t\t\t\t\t<img decoding=\"async\" src=\"https:\/\/erudito.lt\/wp-content\/uploads\/2025\/05\/Rectangle-4653.svg\"\n\t\t\t\t\t\t\talt=\"\"\n\t\t\t\t\t\t\tclass=\"w-[0.875rem] h-[1.25rem] mr-3\">\n\t\t\t\t\t\t\t\t\t\t\t\t\t\t\t\t<span class=\"mr-1.5\">\n\t\t\t\t\t\t\tI-IV\t\t\t\t\t\t<\/span>\n\t\t\t\t\t\t\t\t\t\t\t\t\t\t\t\t<span class=\"font-medium\">\n\t\t\t\t\t\t\t8:00-18:00\t\t\t\t\t\t<\/span>\n\t\t\t\t\t\t\t\t\t<\/div>\n\t\t\t\t\t\t\t<div class=\"flex items-center\">\n\t\t\t\t\t\t\t\t\t\t\t<img decoding=\"async\" src=\"https:\/\/erudito.lt\/wp-content\/uploads\/2025\/05\/Ellipse-1421.svg\"\n\t\t\t\t\t\t\talt=\"\"\n\t\t\t\t\t\t\tclass=\"w-[0.875rem] h-[1.25rem] mr-3\">\n\t\t\t\t\t\t\t\t\t\t\t\t\t\t\t\t<span class=\"mr-1.5\">\n\t\t\t\t\t\t\tV\t\t\t\t\t\t<\/span>\n\t\t\t\t\t\t\t\t\t\t\t\t\t\t\t\t<span class=\"font-medium\">\n\t\t\t\t\t\t\t8:00-17:00\t\t\t\t\t\t<\/span>\n\t\t\t\t\t\t\t\t\t<\/div>\n\t\t\t\t\t<\/div>\n\t\t\t\t\t\t\t\t\t\t\t<\/div>\n\t\t\t<\/div>\n\t\t<\/div>\n\t\t\t\t\t\t\n\t\t\t\t\t\t\t\t\t<div class=\"bg-gray px-5 lg:px-20 py-12 lg:py-26\">\n\t\t\t\t\t\t\t\t\t\t\t\t\t<h3 class=\"text-title-l-mobile lg:text-title-l mb-8 lg:mb-16\">\n\t\t\t\t\t\t\t\tContacts\t\t\t\t\t\t\t<\/h3>\n\t\t\t\t\t\t\n\t\t\t\t\t\t<div class=\"flex flex-col lg:flex-row w-full justify-between gap-12\">\n\t\t\t\t\t\t\t\t\t\t\t\t\t\t\t<div class=\"grid grid-cols-2 gap-x-4 gap-y-8 lg:gap-16\">\n\t\t\t\t\t\t\t\t\t\t\t\t\t\t\t\t\t\t\t\t\t<div class=\"flex flex-col lg:flex-row gap-5 lg:gap-8\">\n\t\t\t\t\t\t\t<img decoding=\"async\" src=\"https:\/\/erudito.lt\/wp-content\/uploads\/2025\/07\/1723281252666-2.jpg\"\n\t\t\t\t\talt=\"Monika Mil\u0117 \"\n\t\t\t\t\tclass=\"w-[8.75rem] h-[8.75rem] object-cover\">\n\t\t\t\n\t\t\t<div>\n\t\t\t\t\t\t\t\t\t<p class=\"text-body-s-medium lg:text-body-m-medium mb-0.5\">\n\t\t\t\t\t\tMonika Mil\u0117\t\t\t\t\t<\/p>\n\t\t\t\t\n\t\t\t\t\t\t\t\t\t<p class=\"text-body-s-light lg:text-body-m-light mb-1\">\n\t\t\t\t\t\tAdmissions and Community Projects Manager\t\t\t\t\t<\/p>\n\t\t\t\t\n\t\t\t\t\t\t\t\t\t<div class=\"flex flex-col gap-1\">\n\t\t\t\t\t\t\t\t\t\t\t\t\t\t\t\t\t\t\t\t\t<a href=\"tel:+370%20657%20888%2020\" class=\"erd_underline w-max\">\n\t\t\t\t\t\t\t\t\t+370 657 888 20\t\t\t\t\t\t\t\t<\/a>\n\t\t\t\t\t\t\t\t\t\t\t\t\t\t\t\t\t\t<\/div>\n\t\t\t\t\t\t\t<\/div>\n\t\t<\/div>\n\t\t\t\t\t\t\t\t\t\t\t\t\t\t\t\t\t\t\t<\/div>\n\t\t\t\t\t\t\t\n\t\t\t\t\t\t\t<div class=\"max-w-[13.6875rem]\">\n\t\t\t\t\t\t\t\t\t\t\t\t\t\t\t\t\t<p class=\"font-argent text-title-s mb-6\">\n\t\t\t\t\t\t\t\t\t\tDetails\t\t\t\t\t\t\t\t\t<\/p>\n\t\t\t\t\t\t\t\t\n\t\t\t\t\t\t\t\t\t\t\t\t\t\t\t\t\t<div class=\"erd_rich_content\">\n\t\t\t\t\t\t\t\t\t\t<p>UAB \u201eErudito\u201c lic\u0117jus<br \/>\nAguon\u0173 str. 26, LT-03212 Vilnius<br \/>\n<a href=\"tel:+37066719972\">+370 667 199 72<\/a><\/p>\n<p>&nbsp;<\/p>\n<p>Company code: 304228673<br \/>\nAB Luminor bank\u2028a.s. LT804010051003666817<\/p>\n\t\t\t\t\t\t\t\t\t<\/div>\n\t\t\t\t\t\t\t\t\t\t\t\t\t\t\t<\/div>\n\t\t\t\t\t\t<\/div>\n\t\t\t\t\t<\/div>\n\t\t\t\t\t\t\t<\/div>\n\t\t\t<\/div>\n<\/div>\n<div\n\tclass=\"overflow-hidden relative bg-blue py-[6.25rem] px-5 lg:px-20 text-white lg:h-[37.5rem] lg:py-16\">\n\t<svg class=\"hidden lg:block parallax-bg absolute -bottom-4 right-0 w-[80%] scale-120 h-auto\" width=\"1216\"\n\t\theight=\"600\" viewBox=\"0 0 1216 600\" fill=\"none\" xmlns=\"http:\/\/www.w3.org\/2000\/svg\">\n\t\t<path fill-rule=\"evenodd\" clip-rule=\"evenodd\"\n\t\t\td=\"M27.0502 -151.085L0.56368 341.89L294.779 357.698L216.788 428.427L548.438 794.124L758.722 603.419C777.143 663.724 817.573 717.461 876.489 751.476C999.928 822.744 1157.77 780.451 1229.04 657.012C1300.3 533.572 1258.01 375.732 1134.57 304.464C1122.16 297.3 1109.41 291.283 1096.43 286.382L1138.53 189.407L745.787 18.8921L670.051 193.332L582.486 96.7772L504.323 167.663L520.026 -124.599L27.0502 -151.085Z\"\n\t\t\tfill=\"#191F47\" \/>\n\t<\/svg>\n\n\t<div class=\"lg:hidden absolute top-0 left-0 z-0\">\n\t\t<svg width=\"278\" height=\"193\" viewBox=\"0 0 278 193\" fill=\"none\" xmlns=\"http:\/\/www.w3.org\/2000\/svg\">\n\t\t\t<path fill-rule=\"evenodd\" clip-rule=\"evenodd\"\n\t\t\t\td=\"M-539.134 -97.6065L-412.805 152.999L-162.2 26.6696L-288.529 -223.935L-539.134 -97.6065ZM-136.614 -217.009L-127.066 -131.33L-131.861 -132.161L-179.801 144.359L96.7187 192.299L114.458 89.9824C122.545 91.4914 130.883 92.2922 139.405 92.3178C215.291 92.5458 276.995 31.2125 277.223 -44.6741C277.451 -120.561 216.117 -182.264 140.231 -182.492C130.713 -182.521 121.418 -181.581 112.439 -179.765L105.284 -243.967L-136.614 -217.009Z\"\n\t\t\t\tfill=\"#191F47\" \/>\n\t\t<\/svg>\n\t<\/div>\n\t<div class=\"lg:hidden absolute bottom-0 right-0 z-0\">\n\t\t<svg width=\"393\" height=\"139\" viewBox=\"0 0 393 139\" fill=\"none\" xmlns=\"http:\/\/www.w3.org\/2000\/svg\">\n\t\t\t<path fill-rule=\"evenodd\" clip-rule=\"evenodd\"\n\t\t\t\td=\"M606.522 48.4014L330.015 0.381297L312.872 99.0977L288.682 65.0948L59.9999 227.779L106.99 293.832C73.9154 301.174 43.2104 319.944 21.3356 349.21C-27.1749 414.11 -13.8883 506.048 51.012 554.558C115.912 603.069 207.85 589.782 256.361 524.882C261.237 518.358 265.489 511.561 269.127 504.563L321.031 534.827L443.631 324.563L424.099 313.175L437.215 303.844L558.502 324.908L606.522 48.4014Z\"\n\t\t\t\tfill=\"#191F47\" \/>\n\t\t<\/svg>\n\t<\/div>\n\t<div\n\t\tclass=\"z-10 relative text-center h-full flex flex-col justify-between max-w-[46.125rem] lg:text-left\">\n\t\t<div>\n\t\t\t\t\t\t\t<h2 class=\"text-title-l-mobile lg:text-title-xl mb-4 lg:mb-6\">\n\t\t\t\t\tGet a closer look at the Eruditas Lyceum\t\t\t\t<\/h2>\n\t\t\t\n\t\t\t\t\t\t\t<p class=\"text-body-m-light mb-6 lg:mb-0\">\n\t\t\t\t\tSign up for a school visit or fill out an application to become part of our community today!\t\t\t\t<\/p>\n\t\t\t\t\t<\/div>\n\t\t<div class=\"flex flex-col lg:flex-row gap-6 items-center\">\n\t\t\t\t\t\t\t<a href=\"http:\/\/erudito.lt\/naujienos\/mokyklos-uniforma-ne-tik-ivaizdzio-dalis\/\" class=\"erd_button w-max\">\n\t\t\t\t\tRegistruotis apsilankymui\t\t\t\t<\/a>\n\t\t\t\t\t\t\t\t\t\t<a href=\"https:\/\/erudito.openapply.com\/roi\" class=\"erd_ghost text-body-m font-semibold\">\n\t\t\t\t\tPildyti pra\u0161ym\u0105\t\t\t\t<\/a>\n\t\t\t\t\t<\/div>\n\t<\/div>\n<\/div>","protected":false},"excerpt":{"rendered":"","protected":false},"author":1,"featured_media":0,"parent":0,"menu_order":0,"comment_status":"closed","ping_status":"closed","template":"","meta":{"_acf_changed":false,"footnotes":""},"class_list":["post-2972","page","type-page","status-publish","hentry"],"acf":[],"yoast_head":"<!-- This site is optimized with the Yoast SEO plugin v27.3 - https:\/\/yoast.com\/product\/yoast-seo-wordpress\/ -->\n<title>Erudito Lyceum Contacts | Erudito Lyceum<\/title>\n<meta name=\"description\" content=\"Erudito Lyceum contacts in Vilnius and Kaunas. Find addresses, email contacts, and phone numbers. Get in touch with our team for any inquiries.\" \/>\n<meta name=\"robots\" content=\"index, follow, max-snippet:-1, max-image-preview:large, max-video-preview:-1\" \/>\n<link rel=\"canonical\" href=\"https:\/\/erudito.lt\/en\/contacts\/\" \/>\n<meta property=\"og:locale\" content=\"en_US\" \/>\n<meta property=\"og:type\" content=\"article\" \/>\n<meta property=\"og:title\" content=\"Erudito Lyceum Contacts | Erudito Lyceum\" \/>\n<meta property=\"og:description\" content=\"Erudito Lyceum contacts in Vilnius and Kaunas. Find addresses, email contacts, and phone numbers. Get in touch with our team for any inquiries.\" \/>\n<meta property=\"og:url\" content=\"https:\/\/erudito.lt\/en\/contacts\/\" \/>\n<meta property=\"og:site_name\" content=\"erudito\" \/>\n<meta property=\"article:modified_time\" content=\"2025-09-22T11:22:08+00:00\" \/>\n<meta name=\"twitter:card\" content=\"summary_large_image\" \/>\n<script type=\"application\/ld+json\" class=\"yoast-schema-graph\">{\"@context\":\"https:\\\/\\\/schema.org\",\"@graph\":[{\"@type\":\"WebPage\",\"@id\":\"https:\\\/\\\/erudito.lt\\\/en\\\/contacts\\\/\",\"url\":\"https:\\\/\\\/erudito.lt\\\/en\\\/contacts\\\/\",\"name\":\"Erudito Lyceum Contacts | Erudito Lyceum\",\"isPartOf\":{\"@id\":\"https:\\\/\\\/erudito.lt\\\/#website\"},\"datePublished\":\"2025-04-14T21:03:58+00:00\",\"dateModified\":\"2025-09-22T11:22:08+00:00\",\"description\":\"Erudito Lyceum contacts in Vilnius and Kaunas. Find addresses, email contacts, and phone numbers. Get in touch with our team for any inquiries.\",\"breadcrumb\":{\"@id\":\"https:\\\/\\\/erudito.lt\\\/en\\\/contacts\\\/#breadcrumb\"},\"inLanguage\":\"en-US\",\"potentialAction\":[{\"@type\":\"ReadAction\",\"target\":[\"https:\\\/\\\/erudito.lt\\\/en\\\/contacts\\\/\"]}]},{\"@type\":\"BreadcrumbList\",\"@id\":\"https:\\\/\\\/erudito.lt\\\/en\\\/contacts\\\/#breadcrumb\",\"itemListElement\":[{\"@type\":\"ListItem\",\"position\":1,\"name\":\"Home\",\"item\":\"https:\\\/\\\/erudito.lt\\\/en\\\/\"},{\"@type\":\"ListItem\",\"position\":2,\"name\":\"Contacts\"}]},{\"@type\":\"WebSite\",\"@id\":\"https:\\\/\\\/erudito.lt\\\/#website\",\"url\":\"https:\\\/\\\/erudito.lt\\\/\",\"name\":\"erudito\",\"description\":\"\",\"potentialAction\":[{\"@type\":\"SearchAction\",\"target\":{\"@type\":\"EntryPoint\",\"urlTemplate\":\"https:\\\/\\\/erudito.lt\\\/?s={search_term_string}\"},\"query-input\":{\"@type\":\"PropertyValueSpecification\",\"valueRequired\":true,\"valueName\":\"search_term_string\"}}],\"inLanguage\":\"en-US\"}]}<\/script>\n<!-- \/ Yoast SEO plugin. -->","yoast_head_json":{"title":"Erudito Lyceum Contacts | Erudito Lyceum","description":"Erudito Lyceum contacts in Vilnius and Kaunas. Find addresses, email contacts, and phone numbers. Get in touch with our team for any inquiries.","robots":{"index":"index","follow":"follow","max-snippet":"max-snippet:-1","max-image-preview":"max-image-preview:large","max-video-preview":"max-video-preview:-1"},"canonical":"https:\/\/erudito.lt\/en\/contacts\/","og_locale":"en_US","og_type":"article","og_title":"Erudito Lyceum Contacts | Erudito Lyceum","og_description":"Erudito Lyceum contacts in Vilnius and Kaunas. Find addresses, email contacts, and phone numbers. Get in touch with our team for any inquiries.","og_url":"https:\/\/erudito.lt\/en\/contacts\/","og_site_name":"erudito","article_modified_time":"2025-09-22T11:22:08+00:00","twitter_card":"summary_large_image","schema":{"@context":"https:\/\/schema.org","@graph":[{"@type":"WebPage","@id":"https:\/\/erudito.lt\/en\/contacts\/","url":"https:\/\/erudito.lt\/en\/contacts\/","name":"Erudito Lyceum Contacts | Erudito Lyceum","isPartOf":{"@id":"https:\/\/erudito.lt\/#website"},"datePublished":"2025-04-14T21:03:58+00:00","dateModified":"2025-09-22T11:22:08+00:00","description":"Erudito Lyceum contacts in Vilnius and Kaunas. Find addresses, email contacts, and phone numbers. Get in touch with our team for any inquiries.","breadcrumb":{"@id":"https:\/\/erudito.lt\/en\/contacts\/#breadcrumb"},"inLanguage":"en-US","potentialAction":[{"@type":"ReadAction","target":["https:\/\/erudito.lt\/en\/contacts\/"]}]},{"@type":"BreadcrumbList","@id":"https:\/\/erudito.lt\/en\/contacts\/#breadcrumb","itemListElement":[{"@type":"ListItem","position":1,"name":"Home","item":"https:\/\/erudito.lt\/en\/"},{"@type":"ListItem","position":2,"name":"Contacts"}]},{"@type":"WebSite","@id":"https:\/\/erudito.lt\/#website","url":"https:\/\/erudito.lt\/","name":"erudito","description":"","potentialAction":[{"@type":"SearchAction","target":{"@type":"EntryPoint","urlTemplate":"https:\/\/erudito.lt\/?s={search_term_string}"},"query-input":{"@type":"PropertyValueSpecification","valueRequired":true,"valueName":"search_term_string"}}],"inLanguage":"en-US"}]}},"_links":{"self":[{"href":"https:\/\/erudito.lt\/en\/wp-json\/wp\/v2\/pages\/2972","targetHints":{"allow":["GET"]}}],"collection":[{"href":"https:\/\/erudito.lt\/en\/wp-json\/wp\/v2\/pages"}],"about":[{"href":"https:\/\/erudito.lt\/en\/wp-json\/wp\/v2\/types\/page"}],"author":[{"embeddable":true,"href":"https:\/\/erudito.lt\/en\/wp-json\/wp\/v2\/users\/1"}],"replies":[{"embeddable":true,"href":"https:\/\/erudito.lt\/en\/wp-json\/wp\/v2\/comments?post=2972"}],"version-history":[{"count":271,"href":"https:\/\/erudito.lt\/en\/wp-json\/wp\/v2\/pages\/2972\/revisions"}],"predecessor-version":[{"id":4560,"href":"https:\/\/erudito.lt\/en\/wp-json\/wp\/v2\/pages\/2972\/revisions\/4560"}],"wp:attachment":[{"href":"https:\/\/erudito.lt\/en\/wp-json\/wp\/v2\/media?parent=2972"}],"curies":[{"name":"wp","href":"https:\/\/api.w.org\/{rel}","templated":true}]}}