{"id":5510,"date":"2026-01-27T09:43:37","date_gmt":"2026-01-27T09:43:37","guid":{"rendered":"https:\/\/erudito.lt\/produktas\/winter-day-camp-february-17-21-kaunas\/"},"modified":"2026-01-27T09:43:37","modified_gmt":"2026-01-27T09:43:37","slug":"winter-day-camp-february-17-21-kaunas","status":"publish","type":"product","link":"https:\/\/erudito.lt\/en\/product\/winter-day-camp-february-17-21-kaunas\/","title":{"rendered":"Winter day camp February 17-21 Kaunas"},"content":{"rendered":"","protected":false},"excerpt":{"rendered":"","protected":false},"featured_media":4420,"template":"","meta":{"_acf_changed":false},"product_brand":[],"product_cat":[114],"product_tag":[],"class_list":{"0":"post-5510","1":"product","2":"type-product","3":"status-publish","4":"has-post-thumbnail","6":"product_cat-non-formal-education","8":"first","9":"instock","10":"taxable","11":"shipping-taxable","12":"purchasable","13":"product-type-simple"},"acf":[],"yoast_head":"<!-- This site is optimized with the Yoast SEO plugin v27.3 - https:\/\/yoast.com\/product\/yoast-seo-wordpress\/ -->\n<title>Winter day camp February 17-21 Kaunas | erudito<\/title>\n<meta name=\"robots\" content=\"index, follow, max-snippet:-1, max-image-preview:large, max-video-preview:-1\" \/>\n<link rel=\"canonical\" href=\"https:\/\/erudito.lt\/en\/product\/winter-day-camp-february-17-21-kaunas\/\" \/>\n<meta property=\"og:locale\" content=\"en_US\" \/>\n<meta property=\"og:type\" content=\"article\" \/>\n<meta property=\"og:title\" content=\"Winter day camp February 17-21 Kaunas | erudito\" \/>\n<meta property=\"og:url\" content=\"https:\/\/erudito.lt\/en\/product\/winter-day-camp-february-17-21-kaunas\/\" \/>\n<meta property=\"og:site_name\" content=\"erudito\" \/>\n<meta property=\"og:image\" content=\"https:\/\/erudito.lt\/wp-content\/uploads\/2025\/09\/Screenshot-2025-09-10-180816.png\" \/>\n\t<meta property=\"og:image:width\" content=\"925\" \/>\n\t<meta property=\"og:image:height\" content=\"611\" \/>\n\t<meta property=\"og:image:type\" content=\"image\/png\" \/>\n<meta name=\"twitter:card\" content=\"summary_large_image\" \/>\n<script type=\"application\/ld+json\" class=\"yoast-schema-graph\">{\"@context\":\"https:\\\/\\\/schema.org\",\"@graph\":[{\"@type\":\"WebPage\",\"@id\":\"https:\\\/\\\/erudito.lt\\\/en\\\/product\\\/winter-day-camp-february-17-21-kaunas\\\/\",\"url\":\"https:\\\/\\\/erudito.lt\\\/en\\\/product\\\/winter-day-camp-february-17-21-kaunas\\\/\",\"name\":\"Winter day camp February 17-21 Kaunas | erudito\",\"isPartOf\":{\"@id\":\"https:\\\/\\\/erudito.lt\\\/#website\"},\"primaryImageOfPage\":{\"@id\":\"https:\\\/\\\/erudito.lt\\\/en\\\/product\\\/winter-day-camp-february-17-21-kaunas\\\/#primaryimage\"},\"image\":{\"@id\":\"https:\\\/\\\/erudito.lt\\\/en\\\/product\\\/winter-day-camp-february-17-21-kaunas\\\/#primaryimage\"},\"thumbnailUrl\":\"https:\\\/\\\/erudito.lt\\\/wp-content\\\/uploads\\\/2025\\\/09\\\/Screenshot-2025-09-10-180816.png\",\"datePublished\":\"2026-01-27T09:43:37+00:00\",\"breadcrumb\":{\"@id\":\"https:\\\/\\\/erudito.lt\\\/en\\\/product\\\/winter-day-camp-february-17-21-kaunas\\\/#breadcrumb\"},\"inLanguage\":\"en-US\",\"potentialAction\":[{\"@type\":\"ReadAction\",\"target\":[\"https:\\\/\\\/erudito.lt\\\/en\\\/product\\\/winter-day-camp-february-17-21-kaunas\\\/\"]}]},{\"@type\":\"ImageObject\",\"inLanguage\":\"en-US\",\"@id\":\"https:\\\/\\\/erudito.lt\\\/en\\\/product\\\/winter-day-camp-february-17-21-kaunas\\\/#primaryimage\",\"url\":\"https:\\\/\\\/erudito.lt\\\/wp-content\\\/uploads\\\/2025\\\/09\\\/Screenshot-2025-09-10-180816.png\",\"contentUrl\":\"https:\\\/\\\/erudito.lt\\\/wp-content\\\/uploads\\\/2025\\\/09\\\/Screenshot-2025-09-10-180816.png\",\"width\":925,\"height\":611,\"caption\":\"Rugs\u0117jo 1-osios Erudito lic\u0117juje \u0161vent\u0117s akimirka - mokytoja su mokiniais klas\u0117je\"},{\"@type\":\"BreadcrumbList\",\"@id\":\"https:\\\/\\\/erudito.lt\\\/en\\\/product\\\/winter-day-camp-february-17-21-kaunas\\\/#breadcrumb\",\"itemListElement\":[{\"@type\":\"ListItem\",\"position\":1,\"name\":\"Home\",\"item\":\"https:\\\/\\\/erudito.lt\\\/en\\\/\"},{\"@type\":\"ListItem\",\"position\":2,\"name\":\"Shop\",\"item\":\"https:\\\/\\\/erudito.lt\\\/en\\\/shop\\\/\"},{\"@type\":\"ListItem\",\"position\":3,\"name\":\"Winter day camp February 17-21 Kaunas\"}]},{\"@type\":\"WebSite\",\"@id\":\"https:\\\/\\\/erudito.lt\\\/#website\",\"url\":\"https:\\\/\\\/erudito.lt\\\/\",\"name\":\"erudito\",\"description\":\"\",\"potentialAction\":[{\"@type\":\"SearchAction\",\"target\":{\"@type\":\"EntryPoint\",\"urlTemplate\":\"https:\\\/\\\/erudito.lt\\\/?s={search_term_string}\"},\"query-input\":{\"@type\":\"PropertyValueSpecification\",\"valueRequired\":true,\"valueName\":\"search_term_string\"}}],\"inLanguage\":\"en-US\"}]}<\/script>\n<!-- \/ Yoast SEO plugin. -->","yoast_head_json":{"title":"Winter day camp February 17-21 Kaunas | erudito","robots":{"index":"index","follow":"follow","max-snippet":"max-snippet:-1","max-image-preview":"max-image-preview:large","max-video-preview":"max-video-preview:-1"},"canonical":"https:\/\/erudito.lt\/en\/product\/winter-day-camp-february-17-21-kaunas\/","og_locale":"en_US","og_type":"article","og_title":"Winter day camp February 17-21 Kaunas | erudito","og_url":"https:\/\/erudito.lt\/en\/product\/winter-day-camp-february-17-21-kaunas\/","og_site_name":"erudito","og_image":[{"width":925,"height":611,"url":"https:\/\/erudito.lt\/wp-content\/uploads\/2025\/09\/Screenshot-2025-09-10-180816.png","type":"image\/png"}],"twitter_card":"summary_large_image","schema":{"@context":"https:\/\/schema.org","@graph":[{"@type":"WebPage","@id":"https:\/\/erudito.lt\/en\/product\/winter-day-camp-february-17-21-kaunas\/","url":"https:\/\/erudito.lt\/en\/product\/winter-day-camp-february-17-21-kaunas\/","name":"Winter day camp February 17-21 Kaunas | erudito","isPartOf":{"@id":"https:\/\/erudito.lt\/#website"},"primaryImageOfPage":{"@id":"https:\/\/erudito.lt\/en\/product\/winter-day-camp-february-17-21-kaunas\/#primaryimage"},"image":{"@id":"https:\/\/erudito.lt\/en\/product\/winter-day-camp-february-17-21-kaunas\/#primaryimage"},"thumbnailUrl":"https:\/\/erudito.lt\/wp-content\/uploads\/2025\/09\/Screenshot-2025-09-10-180816.png","datePublished":"2026-01-27T09:43:37+00:00","breadcrumb":{"@id":"https:\/\/erudito.lt\/en\/product\/winter-day-camp-february-17-21-kaunas\/#breadcrumb"},"inLanguage":"en-US","potentialAction":[{"@type":"ReadAction","target":["https:\/\/erudito.lt\/en\/product\/winter-day-camp-february-17-21-kaunas\/"]}]},{"@type":"ImageObject","inLanguage":"en-US","@id":"https:\/\/erudito.lt\/en\/product\/winter-day-camp-february-17-21-kaunas\/#primaryimage","url":"https:\/\/erudito.lt\/wp-content\/uploads\/2025\/09\/Screenshot-2025-09-10-180816.png","contentUrl":"https:\/\/erudito.lt\/wp-content\/uploads\/2025\/09\/Screenshot-2025-09-10-180816.png","width":925,"height":611,"caption":"Rugs\u0117jo 1-osios Erudito lic\u0117juje \u0161vent\u0117s akimirka - mokytoja su mokiniais klas\u0117je"},{"@type":"BreadcrumbList","@id":"https:\/\/erudito.lt\/en\/product\/winter-day-camp-february-17-21-kaunas\/#breadcrumb","itemListElement":[{"@type":"ListItem","position":1,"name":"Home","item":"https:\/\/erudito.lt\/en\/"},{"@type":"ListItem","position":2,"name":"Shop","item":"https:\/\/erudito.lt\/en\/shop\/"},{"@type":"ListItem","position":3,"name":"Winter day camp February 17-21 Kaunas"}]},{"@type":"WebSite","@id":"https:\/\/erudito.lt\/#website","url":"https:\/\/erudito.lt\/","name":"erudito","description":"","potentialAction":[{"@type":"SearchAction","target":{"@type":"EntryPoint","urlTemplate":"https:\/\/erudito.lt\/?s={search_term_string}"},"query-input":{"@type":"PropertyValueSpecification","valueRequired":true,"valueName":"search_term_string"}}],"inLanguage":"en-US"}]}},"_links":{"self":[{"href":"https:\/\/erudito.lt\/en\/wp-json\/wp\/v2\/product\/5510","targetHints":{"allow":["GET"]}}],"collection":[{"href":"https:\/\/erudito.lt\/en\/wp-json\/wp\/v2\/product"}],"about":[{"href":"https:\/\/erudito.lt\/en\/wp-json\/wp\/v2\/types\/product"}],"wp:featuredmedia":[{"embeddable":true,"href":"https:\/\/erudito.lt\/en\/wp-json\/wp\/v2\/media\/4420"}],"wp:attachment":[{"href":"https:\/\/erudito.lt\/en\/wp-json\/wp\/v2\/media?parent=5510"}],"wp:term":[{"taxonomy":"product_brand","embeddable":true,"href":"https:\/\/erudito.lt\/en\/wp-json\/wp\/v2\/product_brand?post=5510"},{"taxonomy":"product_cat","embeddable":true,"href":"https:\/\/erudito.lt\/en\/wp-json\/wp\/v2\/product_cat?post=5510"},{"taxonomy":"product_tag","embeddable":true,"href":"https:\/\/erudito.lt\/en\/wp-json\/wp\/v2\/product_tag?post=5510"}],"curies":[{"name":"wp","href":"https:\/\/api.w.org\/{rel}","templated":true}]}}